{"id":45,"date":"2020-09-04T18:08:56","date_gmt":"2020-09-04T18:08:56","guid":{"rendered":"https:\/\/ducaticlub.ch\/?page_id=45"},"modified":"2024-02-11T09:08:30","modified_gmt":"2024-02-11T09:08:30","slug":"statuten","status":"publish","type":"page","link":"https:\/\/ducaticlub.ch\/?page_id=45","title":{"rendered":"Statuten"},"content":{"rendered":"\n<p class=\"has-text-align-center has-large-font-size\">STATUTEN<\/p>\n\n\n\n<p class=\"has-text-align-center has-large-font-size\"><strong>DUCATI CLUB WALLIS<\/strong><\/p>\n\n\n<div class=\"wp-block-image\">\n<figure class=\"aligncenter size-large\"><img loading=\"lazy\" decoding=\"async\" width=\"986\" height=\"1024\" src=\"https:\/\/ducaticlub.ch\/wp-content\/uploads\/2021\/03\/Foto-986x1024.jpg\" alt=\"\" class=\"wp-image-365\" srcset=\"https:\/\/ducaticlub.ch\/wp-content\/uploads\/2021\/03\/Foto-986x1024.jpg 986w, https:\/\/ducaticlub.ch\/wp-content\/uploads\/2021\/03\/Foto-289x300.jpg 289w, https:\/\/ducaticlub.ch\/wp-content\/uploads\/2021\/03\/Foto-768x798.jpg 768w, https:\/\/ducaticlub.ch\/wp-content\/uploads\/2021\/03\/Foto-1479x1536.jpg 1479w, https:\/\/ducaticlub.ch\/wp-content\/uploads\/2021\/03\/Foto.jpg 1870w\" sizes=\"auto, (max-width: 986px) 100vw, 986px\" \/><\/figure>\n<\/div>\n\n\n<p><strong>Name, Sitz &amp; Zweck<\/strong><\/p>\n\n\n\n<p>Art. 1<\/p>\n\n\n\n<p>Unter dem Namen DUCATI-CLUB WALLIS besteht mit Sitz des Wohnortes des Pr\u00e4sidenten ein Verein im Sinne von Art. 60 ff. des Schweizerischen Zivilgesetzbuches.<\/p>\n\n\n\n<p>Art. 2<\/p>\n\n\n\n<p>Der Verein bezweckt das Erhalten, Pflegen und F\u00f6rdern der Ducati-Motorr\u00e4der, die F\u00f6rderung aufrichtiger Kameradschaft und die Teilnahme an derartigen Veranstaltungen, ohne die Selbst\u00e4ndigkeit zu verlieren.<\/p>\n\n\n\n<p><strong>Organe des Vereins<\/strong><\/p>\n\n\n\n<p>Art. 3<\/p>\n\n\n\n<p>Die Organe des Vereins sind:<\/p>\n\n\n\n<ol class=\"wp-block-list\" style=\"list-style-type:lower-alpha\">\n<li>Die Generalversammlung<\/li>\n\n\n\n<li>Der Vorstand<\/li>\n\n\n\n<li>Die Rechnungsrevisoren<\/li>\n<\/ol>\n\n\n\n<p><strong>Generalversammlung<\/strong><\/p>\n\n\n\n<p>Art.4<\/p>\n\n\n\n<p>Die Generalversammlung ist das oberste Organ des Vereins. Sie entscheidet in allen Angelegenheiten, die nicht anderen Organen des Vereins \u00fcbertragen sind, endg\u00fcltig.<\/p>\n\n\n\n<p>Art. 5<\/p>\n\n\n\n<p>Die ordentliche Generalversammlung findet j\u00e4hrlich statt. Die Einberufung erfolgt mindestens 14 Tage vorher, durch schriftliche Einladung.<\/p>\n\n\n\n<p>Art. 6<\/p>\n\n\n\n<p>Ausserordentliche Generalversammlungen k\u00f6nnen einberufen werden, sofern es der Vorstand als n\u00f6tig erachtet, oder wenn mindestens ein F\u00fcnftel der Mitglieder schriftlich die Einberufung verlangt.<\/p>\n\n\n\n<p>Art. 7<\/p>\n\n\n\n<p>Die Generalversammlung setzt sich aus Aktiv-, Passiv- und Ehrenmitglieder zusammen. Aktiv- und Ehrenmitglieder sind stimmberechtigt.<\/p>\n\n\n\n<p>Art. 8<\/p>\n\n\n\n<p>Der Generalversammlung stehen folgende Befugnisse zu:<\/p>\n\n\n\n<ol class=\"wp-block-list\">\n<li>Festsetzung der Statuten<\/li>\n\n\n\n<li>Wahl und Abberufung des Vorstandes und der Revisoren<\/li>\n\n\n\n<li>Genehmigung der einzelnen Berichte der Vorstandsmitglieder<\/li>\n\n\n\n<li>Entlastung des Vorstandes<\/li>\n\n\n\n<li>Beschlussfassung \u00fcber die Verwendung des Vereinsverm\u00f6gens<\/li>\n\n\n\n<li>Festsetzung der Jahresbeitr\u00e4ge<\/li>\n\n\n\n<li>Aufnahme neuer Mitglieder und Ehrenmitglieder<\/li>\n\n\n\n<li>Ausschluss der Mitglieder<\/li>\n\n\n\n<li>Aufl\u00f6sung des Vereins<\/li>\n<\/ol>\n\n\n\n<p>Art. 9<\/p>\n\n\n\n<p>Die Generalversammlung ist beschlussf\u00e4hig, ohne R\u00fccksicht auf die Zahl der anwesenden Mitglieder. Die Generalversammlung fasst ihre Beschl\u00fcsse mit der einfachen Mehrheit der anwesenden Mitglieder, sofern diese Statuten nichts anderes vorsehen.<\/p>\n\n\n\n<p>Bei Wahlen entscheidet im 1. Wahlgang das absolute, im 2. Wahlgang das relative Mehr.<\/p>\n\n\n\n<p>Bei Sachfragen entscheidet der Pr\u00e4sident, falls Stimmgleichheit.<\/p>\n\n\n\n<p><strong>Der Vorstand<\/strong><\/p>\n\n\n\n<p>Art. 10<\/p>\n\n\n\n<p>Der Vorstand besteht aus Mitgliedern, die von der Generalversammlung f\u00fcr die Dauer von 1 Jahr gew\u00e4hlt werden und wieder w\u00e4hlbar sind.<\/p>\n\n\n\n<p>Es besteht mindestens aus:<\/p>\n\n\n\n<ol class=\"wp-block-list\" style=\"list-style-type:lower-alpha\">\n<li>Dem Pr\u00e4sidenten<\/li>\n<\/ol>\n\n\n\n<p>Er \u00fcberwacht das Vereinsleben, vertritt den Verein nach aussen, leitet die Versammlungen, f\u00fchrt die rechtsg\u00fcltige Unterschrift und verfasst den Jahresbericht.<\/p>\n\n\n\n<ul class=\"wp-block-list\">\n<li>Dem Kassier<\/li>\n<\/ul>\n\n\n\n<p>Er verwaltet die Kasse und hat der Generalversammlung die Jahresrechnung vorzulegen. Er besorgt den Einzug der Eintrittsgeb\u00fchren und der Jahresbeitr\u00e4ge.<\/p>\n\n\n\n<ul class=\"wp-block-list\">\n<li>Dem Aktuar<\/li>\n<\/ul>\n\n\n\n<p>Er f\u00fchrt Protokoll in den Sitzungen und Versammlungen, das Mitgliederverzeichnis und besorgt allf\u00e4llige Korrespondenzen.<\/p>\n\n\n\n<p>Art. 11<\/p>\n\n\n\n<p>Der Vorstand ist verpflichtet, die Vereinsangelegenheiten zu besorgen und den Verein gemeinsam im Sinne von Art. 2 und 3 zu f\u00fchren. Im obliegt namentlich:<\/p>\n\n\n\n<ol class=\"wp-block-list\">\n<li>Die Einberufung der verschiedenen Versammlungen<\/li>\n\n\n\n<li>Die Aufstellung der zu behandelnden Traktanden<\/li>\n\n\n\n<li>Die Vollziehung der Beschl\u00fcsse und der Statuten<\/li>\n\n\n\n<li>Die Verwaltung des Vereinsverm\u00f6gens<\/li>\n\n\n\n<li>Die Besorgung der laufenden Gesch\u00e4fte<\/li>\n<\/ol>\n\n\n\n<p>Art. 12<\/p>\n\n\n\n<p>Der Vorstand ist beschlussf\u00e4hig bei Anwesenheit von mindestens 2\/3 Mitgliedern. Seine Beschl\u00fcsse sind g\u00fcltig, sofern sich die Stimmen der absoluten Mehrheit aller anwesenden Mitglieder auf sich vereinigen. Der Pr\u00e4sident stimmt mit und gibt bei Stimmengleichheit den Stichentscheid.<\/p>\n\n\n\n<p>Art.13<\/p>\n\n\n\n<p>Dem Vorstand stehen insbesondere folgende Befugnisse zu:<\/p>\n\n\n\n<ul class=\"wp-block-list\">\n<li>Er kann bei aussergew\u00f6hnlichen Vorkommnissen an Vereinsveranstaltungen entsprechende Entscheide treffen.<\/li>\n<\/ul>\n\n\n\n<ul class=\"wp-block-list\">\n<li>Er ist berechtigt, einmalige Ausgaben zum Nutzen des Vereins bis zum H\u00f6chstbetrag von Fr. 1&#8217;000.&#8211; zu t\u00e4tigen. (Ueber h\u00f6here Betr\u00e4ge entscheidet die Generalversammlung)<\/li>\n<\/ul>\n\n\n\n<ul class=\"wp-block-list\">\n<li>Er bestimmt den Ort der Vereinsanl\u00e4sse<\/li>\n<\/ul>\n\n\n\n<ul class=\"wp-block-list\">\n<li>Er legt das Jahresprogramm fest<\/li>\n<\/ul>\n\n\n\n<ul class=\"wp-block-list\">\n<li>Er kann Mitglieder zur Mithilfe verpflichten<\/li>\n<\/ul>\n\n\n\n<p><strong>Die Rechnungsrevisoren<\/strong><\/p>\n\n\n\n<p>Art. 14<\/p>\n\n\n\n<p>Die Rechnungsrevisoren \u00fcberpr\u00fcfen die Jahresrechnung und erstatten der Generalversammlung Bericht, die Revisoren d\u00fcrfen nicht aus dem Vorstand sein.<\/p>\n\n\n\n<p><strong>Mitgliedschaft<\/strong><\/p>\n\n\n\n<p>Art. 15<\/p>\n\n\n\n<ol class=\"wp-block-list\" style=\"list-style-type:lower-alpha\">\n<li>Mitgliedschaft = Der Verein besteht aus Aktiv- Passiv- und Ehrenmitglieder.<\/li>\n<\/ol>\n\n\n\n<ul class=\"wp-block-list\">\n<li>Aktiv- und Passivmitglied kann werden:<\/li>\n<\/ul>\n\n\n\n<p>Alle Besitzer eines Ducati-Motorrades k\u00f6nnen als Aktivmitglied aufgenommen werden. Als Ducati-Motorrad gilt ein Motorrad, wenn mindestens der Motor von Ducati stammt.<\/p>\n\n\n\n<p>Alle anderen am Club interessierten Personen k\u00f6nnen als Passivmitglied aufgenommen werden.<\/p>\n\n\n\n<ul class=\"wp-block-list\">\n<li>Ehrenmitglieder sind jene Personen, welche:<\/li>\n<\/ul>\n\n\n\n<p>Sich in hervorragender Weise um den Verein verdient gemacht haben.<\/p>\n\n\n\n<p>Jedem Ehrenmitglied wird eine Ehrenurkunde \u00fcberreicht.<\/p>\n\n\n\n<p><strong>Eintritt<\/strong><\/p>\n\n\n\n<p>Art. 16<\/p>\n\n\n\n<p>Wer als Mitglied in den Verein eintreten will, hat sich m\u00fcndlich oder schriftlich bei einem Vorstandsmitglied anzumelden. Ueber die Aufnahme in den Verein entscheidet die Generalversammlung mit absolutem Mehr der anwesenden Mitglieder.<\/p>\n\n\n\n<p>Art.17<\/p>\n\n\n\n<p>Die Eintrittsgeb\u00fchr betr\u00e4gt Fr. 50.&#8211;<\/p>\n\n\n\n<p>Art.18<\/p>\n\n\n\n<p>Der Jahresbeitrag betr\u00e4gt Fr. 50.&#8211;<\/p>\n\n\n\n<p><strong>Austritt<\/strong><\/p>\n\n\n\n<p>Art. 19<\/p>\n\n\n\n<p>Der Austritt aus dem Verein erfolgt durch schriftliche Austrittserkl\u00e4rung an den Pr\u00e4sidenten, bis sp\u00e4testens vor Beginn der ordentlichen Generalversammlung. Der Jahresbeitrag des laufenden Kalenderjahres ist jedoch geschuldet.<\/p>\n\n\n\n<p><strong>Ausschluss:<\/strong><\/p>\n\n\n\n<p>Art. 20<\/p>\n\n\n\n<p>Aus dem Verein kann ausgeschlossen werden:<\/p>\n\n\n\n<ol class=\"wp-block-list\">\n<li>Wer den Vereinsinteressen zuwiderhandelt<\/li>\n\n\n\n<li>Wer den Jahresbeitrag nicht bezahlt hat<\/li>\n<\/ol>\n\n\n\n<p>Art. 21<\/p>\n\n\n\n<p>Der Ausschluss erfolgt durch die Generalversammlung in geheimer Abstimmung. Hierbei gilt das absolute Mehr aller anwesenden Mitglieder.<\/p>\n\n\n\n<p>Das austretende oder ausgeschlossene Mitglied hat keinen Anspruch auf das Vereinsverm\u00f6gen.<\/p>\n\n\n\n<p><strong>Rechte<\/strong><\/p>\n\n\n\n<p>Art. 22<\/p>\n\n\n\n<p>Jedes Aktiv- und Ehrenmitglied ist stimmf\u00e4hig. Alle Mitglieder sind berechtigt an den Vereinsveranstaltungen teilzunehmen. Es steht ihm auch das Recht zu, in den Versammlungen Antr\u00e4ge zu stellen.<\/p>\n\n\n\n<p><strong>Pflichten<\/strong><\/p>\n\n\n\n<p>Art. 23<\/p>\n\n\n\n<p>Jedes Mitglied ist verpflichtet, den Statuten und den Vereinsbeschl\u00fcssen nachzukommen und bei Vereinsanl\u00e4ssen nach Kr\u00e4ften mitzuhelfen.<\/p>\n\n\n\n<p><strong>Allgemeine Bestimmungen<\/strong><\/p>\n\n\n\n<p>Art. 24<\/p>\n\n\n\n<p>F\u00fcr alle Verbindlichkeiten des Vereins haftet nur das Vereinsverm\u00f6gen. Jede pers\u00f6nliche Haftung der Mitglieder ist ausgeschlossen.<\/p>\n\n\n\n<p>Art. 25<\/p>\n\n\n\n<p>Reduziert sich der Verein auf 5 Aktivmitglieder, ist der Verein aufgel\u00f6st.<\/p>\n\n\n\n<p>Art. 26<\/p>\n\n\n\n<p>Die Generalversammlung kann jederzeit die Aufl\u00f6sung des Vereins beschliessen. Hierzu ist jedoch 4\/5 Mehrheit aller Mitglieder erforderlich.<\/p>\n\n\n\n<p>Art. 27<\/p>\n\n\n\n<p>Bei Aufl\u00f6sung des Vereins nach Art. 27 und 28 gilt folgende Regelung:<\/p>\n\n\n\n<p>Wird der Verein aufgel\u00f6st, ist das Vereinsverm\u00f6gen der Schweizerischen Paraplekiger-Stiftung Basel bzw. Notwil f\u00fcr verunfallte Motorradfahrer zu \u00fcberweisen.<\/p>\n\n\n\n<p>Art. 28<\/p>\n\n\n\n<p>Ueber alle F\u00e4lle, die in den Statuten nicht vorgesehen sind, entscheidet die Generalversammlung.<\/p>\n\n\n\n<p>Art. 29<\/p>\n\n\n\n<p>Die Statuten sind genehmigt worden am 17. November 1995<\/p>\n","protected":false},"excerpt":{"rendered":"<p>STATUTEN DUCATI CLUB WALLIS Name, Sitz &amp; Zweck Art. 1 Unter dem Namen DUCATI-CLUB WALLIS besteht mit Sitz des Wohnortes des Pr\u00e4sidenten ein Verein im Sinne von Art. 60 ff. des Schweizerischen Zivilgesetzbuches. Art. 2 Der Verein bezweckt das Erhalten, Pflegen und F\u00f6rdern der Ducati-Motorr\u00e4der, die F\u00f6rderung aufrichtiger Kameradschaft und die Teilnahme an derartigen Veranstaltungen, [&hellip;]<\/p>\n","protected":false},"author":1,"featured_media":0,"parent":0,"menu_order":0,"comment_status":"closed","ping_status":"closed","template":"","meta":{"ngg_post_thumbnail":0,"footnotes":""},"class_list":["post-45","page","type-page","status-publish","hentry"],"yoast_head":"<!-- This site is optimized with the Yoast SEO plugin v26.6 - https:\/\/yoast.com\/wordpress\/plugins\/seo\/ -->\n<title>Statuten - Ducati Club Wallis<\/title>\n<meta name=\"robots\" content=\"index, follow, max-snippet:-1, max-image-preview:large, max-video-preview:-1\" \/>\n<link rel=\"canonical\" href=\"https:\/\/ducaticlub.ch\/?page_id=45\" \/>\n<meta property=\"og:locale\" content=\"de_DE\" \/>\n<meta property=\"og:type\" content=\"article\" \/>\n<meta property=\"og:title\" content=\"Statuten - Ducati Club Wallis\" \/>\n<meta property=\"og:description\" content=\"STATUTEN DUCATI CLUB WALLIS Name, Sitz &amp; Zweck Art. 1 Unter dem Namen DUCATI-CLUB WALLIS besteht mit Sitz des Wohnortes des Pr\u00e4sidenten ein Verein im Sinne von Art. 60 ff. des Schweizerischen Zivilgesetzbuches. Art. 2 Der Verein bezweckt das Erhalten, Pflegen und F\u00f6rdern der Ducati-Motorr\u00e4der, die F\u00f6rderung aufrichtiger Kameradschaft und die Teilnahme an derartigen Veranstaltungen, [&hellip;]\" \/>\n<meta property=\"og:url\" content=\"https:\/\/ducaticlub.ch\/?page_id=45\" \/>\n<meta property=\"og:site_name\" content=\"Ducati Club Wallis\" \/>\n<meta property=\"article:modified_time\" content=\"2024-02-11T09:08:30+00:00\" \/>\n<meta property=\"og:image\" content=\"https:\/\/ducaticlub.ch\/wp-content\/uploads\/2021\/03\/Foto-986x1024.jpg\" \/>\n<meta name=\"twitter:card\" content=\"summary_large_image\" \/>\n<meta name=\"twitter:label1\" content=\"Gesch\u00e4tzte Lesezeit\" \/>\n\t<meta name=\"twitter:data1\" content=\"6\u00a0Minuten\" \/>\n<script type=\"application\/ld+json\" class=\"yoast-schema-graph\">{\"@context\":\"https:\/\/schema.org\",\"@graph\":[{\"@type\":\"WebPage\",\"@id\":\"https:\/\/ducaticlub.ch\/?page_id=45\",\"url\":\"https:\/\/ducaticlub.ch\/?page_id=45\",\"name\":\"Statuten - Ducati Club Wallis\",\"isPartOf\":{\"@id\":\"https:\/\/ducaticlub.ch\/#website\"},\"primaryImageOfPage\":{\"@id\":\"https:\/\/ducaticlub.ch\/?page_id=45#primaryimage\"},\"image\":{\"@id\":\"https:\/\/ducaticlub.ch\/?page_id=45#primaryimage\"},\"thumbnailUrl\":\"https:\/\/ducaticlub.ch\/wp-content\/uploads\/2021\/03\/Foto-986x1024.jpg\",\"datePublished\":\"2020-09-04T18:08:56+00:00\",\"dateModified\":\"2024-02-11T09:08:30+00:00\",\"breadcrumb\":{\"@id\":\"https:\/\/ducaticlub.ch\/?page_id=45#breadcrumb\"},\"inLanguage\":\"de-CH\",\"potentialAction\":[{\"@type\":\"ReadAction\",\"target\":[\"https:\/\/ducaticlub.ch\/?page_id=45\"]}]},{\"@type\":\"ImageObject\",\"inLanguage\":\"de-CH\",\"@id\":\"https:\/\/ducaticlub.ch\/?page_id=45#primaryimage\",\"url\":\"https:\/\/ducaticlub.ch\/wp-content\/uploads\/2021\/03\/Foto.jpg\",\"contentUrl\":\"https:\/\/ducaticlub.ch\/wp-content\/uploads\/2021\/03\/Foto.jpg\",\"width\":1870,\"height\":1942},{\"@type\":\"BreadcrumbList\",\"@id\":\"https:\/\/ducaticlub.ch\/?page_id=45#breadcrumb\",\"itemListElement\":[{\"@type\":\"ListItem\",\"position\":1,\"name\":\"Home\",\"item\":\"https:\/\/ducaticlub.ch\/\"},{\"@type\":\"ListItem\",\"position\":2,\"name\":\"Statuten\"}]},{\"@type\":\"WebSite\",\"@id\":\"https:\/\/ducaticlub.ch\/#website\",\"url\":\"https:\/\/ducaticlub.ch\/\",\"name\":\"Ducati Club Wallis\",\"description\":\"\",\"publisher\":{\"@id\":\"https:\/\/ducaticlub.ch\/#organization\"},\"potentialAction\":[{\"@type\":\"SearchAction\",\"target\":{\"@type\":\"EntryPoint\",\"urlTemplate\":\"https:\/\/ducaticlub.ch\/?s={search_term_string}\"},\"query-input\":{\"@type\":\"PropertyValueSpecification\",\"valueRequired\":true,\"valueName\":\"search_term_string\"}}],\"inLanguage\":\"de-CH\"},{\"@type\":\"Organization\",\"@id\":\"https:\/\/ducaticlub.ch\/#organization\",\"name\":\"Ducati Club Wallis\",\"url\":\"https:\/\/ducaticlub.ch\/\",\"logo\":{\"@type\":\"ImageObject\",\"inLanguage\":\"de-CH\",\"@id\":\"https:\/\/ducaticlub.ch\/#\/schema\/logo\/image\/\",\"url\":\"https:\/\/ducaticlub.ch\/wp-content\/uploads\/2020\/09\/cropped-logo.png\",\"contentUrl\":\"https:\/\/ducaticlub.ch\/wp-content\/uploads\/2020\/09\/cropped-logo.png\",\"width\":400,\"height\":144,\"caption\":\"Ducati Club Wallis\"},\"image\":{\"@id\":\"https:\/\/ducaticlub.ch\/#\/schema\/logo\/image\/\"}}]}<\/script>\n<!-- \/ Yoast SEO plugin. -->","yoast_head_json":{"title":"Statuten - Ducati Club Wallis","robots":{"index":"index","follow":"follow","max-snippet":"max-snippet:-1","max-image-preview":"max-image-preview:large","max-video-preview":"max-video-preview:-1"},"canonical":"https:\/\/ducaticlub.ch\/?page_id=45","og_locale":"de_DE","og_type":"article","og_title":"Statuten - Ducati Club Wallis","og_description":"STATUTEN DUCATI CLUB WALLIS Name, Sitz &amp; Zweck Art. 1 Unter dem Namen DUCATI-CLUB WALLIS besteht mit Sitz des Wohnortes des Pr\u00e4sidenten ein Verein im Sinne von Art. 60 ff. des Schweizerischen Zivilgesetzbuches. Art. 2 Der Verein bezweckt das Erhalten, Pflegen und F\u00f6rdern der Ducati-Motorr\u00e4der, die F\u00f6rderung aufrichtiger Kameradschaft und die Teilnahme an derartigen Veranstaltungen, [&hellip;]","og_url":"https:\/\/ducaticlub.ch\/?page_id=45","og_site_name":"Ducati Club Wallis","article_modified_time":"2024-02-11T09:08:30+00:00","og_image":[{"url":"https:\/\/ducaticlub.ch\/wp-content\/uploads\/2021\/03\/Foto-986x1024.jpg","type":"","width":"","height":""}],"twitter_card":"summary_large_image","twitter_misc":{"Gesch\u00e4tzte Lesezeit":"6\u00a0Minuten"},"schema":{"@context":"https:\/\/schema.org","@graph":[{"@type":"WebPage","@id":"https:\/\/ducaticlub.ch\/?page_id=45","url":"https:\/\/ducaticlub.ch\/?page_id=45","name":"Statuten - Ducati Club Wallis","isPartOf":{"@id":"https:\/\/ducaticlub.ch\/#website"},"primaryImageOfPage":{"@id":"https:\/\/ducaticlub.ch\/?page_id=45#primaryimage"},"image":{"@id":"https:\/\/ducaticlub.ch\/?page_id=45#primaryimage"},"thumbnailUrl":"https:\/\/ducaticlub.ch\/wp-content\/uploads\/2021\/03\/Foto-986x1024.jpg","datePublished":"2020-09-04T18:08:56+00:00","dateModified":"2024-02-11T09:08:30+00:00","breadcrumb":{"@id":"https:\/\/ducaticlub.ch\/?page_id=45#breadcrumb"},"inLanguage":"de-CH","potentialAction":[{"@type":"ReadAction","target":["https:\/\/ducaticlub.ch\/?page_id=45"]}]},{"@type":"ImageObject","inLanguage":"de-CH","@id":"https:\/\/ducaticlub.ch\/?page_id=45#primaryimage","url":"https:\/\/ducaticlub.ch\/wp-content\/uploads\/2021\/03\/Foto.jpg","contentUrl":"https:\/\/ducaticlub.ch\/wp-content\/uploads\/2021\/03\/Foto.jpg","width":1870,"height":1942},{"@type":"BreadcrumbList","@id":"https:\/\/ducaticlub.ch\/?page_id=45#breadcrumb","itemListElement":[{"@type":"ListItem","position":1,"name":"Home","item":"https:\/\/ducaticlub.ch\/"},{"@type":"ListItem","position":2,"name":"Statuten"}]},{"@type":"WebSite","@id":"https:\/\/ducaticlub.ch\/#website","url":"https:\/\/ducaticlub.ch\/","name":"Ducati Club Wallis","description":"","publisher":{"@id":"https:\/\/ducaticlub.ch\/#organization"},"potentialAction":[{"@type":"SearchAction","target":{"@type":"EntryPoint","urlTemplate":"https:\/\/ducaticlub.ch\/?s={search_term_string}"},"query-input":{"@type":"PropertyValueSpecification","valueRequired":true,"valueName":"search_term_string"}}],"inLanguage":"de-CH"},{"@type":"Organization","@id":"https:\/\/ducaticlub.ch\/#organization","name":"Ducati Club Wallis","url":"https:\/\/ducaticlub.ch\/","logo":{"@type":"ImageObject","inLanguage":"de-CH","@id":"https:\/\/ducaticlub.ch\/#\/schema\/logo\/image\/","url":"https:\/\/ducaticlub.ch\/wp-content\/uploads\/2020\/09\/cropped-logo.png","contentUrl":"https:\/\/ducaticlub.ch\/wp-content\/uploads\/2020\/09\/cropped-logo.png","width":400,"height":144,"caption":"Ducati Club Wallis"},"image":{"@id":"https:\/\/ducaticlub.ch\/#\/schema\/logo\/image\/"}}]}},"_links":{"self":[{"href":"https:\/\/ducaticlub.ch\/index.php?rest_route=\/wp\/v2\/pages\/45","targetHints":{"allow":["GET"]}}],"collection":[{"href":"https:\/\/ducaticlub.ch\/index.php?rest_route=\/wp\/v2\/pages"}],"about":[{"href":"https:\/\/ducaticlub.ch\/index.php?rest_route=\/wp\/v2\/types\/page"}],"author":[{"embeddable":true,"href":"https:\/\/ducaticlub.ch\/index.php?rest_route=\/wp\/v2\/users\/1"}],"replies":[{"embeddable":true,"href":"https:\/\/ducaticlub.ch\/index.php?rest_route=%2Fwp%2Fv2%2Fcomments&post=45"}],"version-history":[{"count":4,"href":"https:\/\/ducaticlub.ch\/index.php?rest_route=\/wp\/v2\/pages\/45\/revisions"}],"predecessor-version":[{"id":630,"href":"https:\/\/ducaticlub.ch\/index.php?rest_route=\/wp\/v2\/pages\/45\/revisions\/630"}],"wp:attachment":[{"href":"https:\/\/ducaticlub.ch\/index.php?rest_route=%2Fwp%2Fv2%2Fmedia&parent=45"}],"curies":[{"name":"wp","href":"https:\/\/api.w.org\/{rel}","templated":true}]}}